{"id":2278,"date":"2025-06-04T12:51:50","date_gmt":"2025-06-04T04:51:50","guid":{"rendered":"https:\/\/valhak.com\/?page_id=2278"},"modified":"2025-11-02T12:46:17","modified_gmt":"2025-11-02T04:46:17","slug":"kommerzieller-teppich","status":"publish","type":"page","link":"https:\/\/valhak.com\/de\/commercial-carpet\/","title":{"rendered":"kommerzieller Teppich"},"content":{"rendered":"<div data-elementor-type=\"wp-page\" data-elementor-id=\"2278\" class=\"elementor elementor-2278\" data-elementor-post-type=\"page\">\n\t\t\t\t<div class=\"elementor-element elementor-element-028cc1f e-flex e-con-boxed e-con e-parent\" data-id=\"028cc1f\" data-element_type=\"container\" data-e-type=\"container\">\n\t\t\t\t\t<div class=\"e-con-inner\">\n\t\t\t\t<div class=\"elementor-element elementor-element-f99502a elementor-widget elementor-widget-heading\" data-id=\"f99502a\" data-element_type=\"widget\" data-e-type=\"widget\" data-widget_type=\"heading.default\">\n\t\t\t\t<div class=\"elementor-widget-container\">\n\t\t\t\t\t<h2 class=\"elementor-heading-title elementor-size-default\">Kommerzieller Teppichboden<\/h2>\t\t\t\t<\/div>\n\t\t\t\t<\/div>\n\t\t\t\t\t<\/div>\n\t\t\t\t<\/div>\n\t\t<div class=\"elementor-element elementor-element-33b8199 e-flex e-con-boxed e-con e-parent\" data-id=\"33b8199\" data-element_type=\"container\" data-e-type=\"container\">\n\t\t\t\t\t<div class=\"e-con-inner\">\n\t\t\t\t<div class=\"elementor-element elementor-element-8e221d0 elementor-widget elementor-widget-text-editor\" data-id=\"8e221d0\" data-element_type=\"widget\" data-e-type=\"widget\" data-widget_type=\"text-editor.default\">\n\t\t\t\t<div class=\"elementor-widget-container\">\n\t\t\t\t\t\t\t\t\t<p>- R\u00e4ume schaffen, die Funktionalit\u00e4t und \u00c4sthetik vereinen<\/p><p>In der modernen kommerziellen Innenarchitektur sind Teppichb\u00f6den mehr als nur dekorative Elemente - sie sind wesentliche Komponenten, die Akustik, Komfort, Sicherheit und Raum\u00e4sthetik beeinflussen. Ob in Hotels, Kinos, B\u00fcros oder Einzelhandelsgesch\u00e4ften - Teppichb\u00f6den spielen eine unersetzliche Rolle bei der Gestaltung der Umgebung und der Verbesserung des Nutzererlebnisses.<br \/>Als professioneller Teppichhersteller haben wir uns verpflichtet, ma\u00dfgeschneiderte und standardisierte Teppichl\u00f6sungen f\u00fcr verschiedene gewerbliche Bereiche anzubieten. Unser Ziel ist es, die funktionalen und \u00e4sthetischen Anforderungen unterschiedlicher R\u00e4ume zu erf\u00fcllen und unseren Kunden zu helfen, hochwertige, professionelle Umgebungen zu schaffen.<\/p><h2><strong>Hotels und Veranstaltungsorte<\/strong><\/h2><p><strong>Gemeinsame Bereiche:<\/strong><\/p><p>G\u00e4stezimmer | Korridore | Lobbys | Balls\u00e4le | Tagungsr\u00e4ume | Casinos<\/p><p><strong>Wichtigste Anforderungen:<\/strong><\/p><ul><li><strong>Rauschunterdr\u00fcckung<\/strong>: Hervorragende Schalld\u00e4mmung f\u00fcr mehr Privatsph\u00e4re und G\u00e4stekomfort.<\/li><li><strong>Komfort unter den F\u00fc\u00dfen<\/strong>: Weiche Texturen und hochverdichtete Strukturen sorgen f\u00fcr ein luxuri\u00f6ses Lauferlebnis.<\/li><li><strong>Premium-\u00c4sthetik<\/strong>: Reiche Muster und Farben spiegeln die Identit\u00e4t des Hotels wider und heben sein Ambiente hervor.<\/li><\/ul><p><strong>Empfohlene Materialien und Techniken:<\/strong><\/p><ul><li><strong>Bedruckte Nylon-Teppiche<\/strong>: Lebhaftes Design und stabile Farbgebung, ideal f\u00fcr Flure und \u00f6ffentliche Bereiche.<\/li><li><strong>Tufting-Teppiche aus Wollgemisch<\/strong>: Nat\u00fcrlich und umweltfreundlich, geeignet f\u00fcr gehobene G\u00e4stezimmer und VIP-Bereiche.<\/li><li><strong>Axminster Webteppiche<\/strong>: Au\u00dfergew\u00f6hnliche Details und Eleganz, die h\u00e4ufig in Balls\u00e4len und Lobbys von Luxushotels verwendet werden.<\/li><\/ul><h2><strong>Kinos \/ Theater \/ Konzerthallen<\/strong><\/h2><p><strong>Gemeinsame Bereiche:<\/strong><\/p><p>Zuschauerbereiche | G\u00e4nge | Tonr\u00e4ume | B\u00fchnenumgebung<\/p><p><strong>Wichtigste Anforderungen:<\/strong><\/p><ul><li><strong>Hervorragende Schallabsorption<\/strong>: Reduziert Schritte und Echos, um das audiovisuelle Erlebnis zu verbessern.<\/li><li><strong>Rutschfestigkeit<\/strong>: Oberfl\u00e4chenbehandlung zur Gew\u00e4hrleistung der Sicherheit in schwach beleuchteten, stark frequentierten Bereichen.<\/li><li><strong>Reflexionsverm\u00f6gen bei schwachem Licht<\/strong>: Matte Faseroberfl\u00e4che zur Vermeidung von Lichtblendung und visueller Ablenkung.<\/li><\/ul><p><strong>Empfohlene Produkte:<\/strong><\/p><ul><li>Flammhemmende Teppiche, die <strong>B1-Niveau oder h\u00f6her<\/strong>, zertifiziert f\u00fcr Sicherheits- und Umweltstandards.<\/li><li><strong>Dunkel get\u00f6nte, niedrigflorige Teppiche<\/strong>: Pflegeleicht und schmutzabweisend, ideal f\u00fcr den Einsatz im Theater.<\/li><\/ul><ol start=\"3\"><li><h2><strong> B\u00fcror\u00e4ume<\/strong><\/h2><\/li><\/ol><p><strong>Gemeinsame Bereiche:<\/strong><\/p><p>Offene Arbeitsbereiche | Besprechungsr\u00e4ume | Korridore | Empfangsbereiche<\/p><p><strong>Wichtigste Anforderungen:<\/strong><\/p><ul><li><strong>L\u00e4rmschutz<\/strong>: Minimiert Tippger\u00e4usche, Unterhaltungen und Schritte.<\/li><li><strong>Dauerhaftigkeit<\/strong>: H\u00e4lt Stuhlrollen und h\u00e4ufigen Bewegungen stand.<\/li><li><strong>Wartungsfreundlichkeit<\/strong>: Widersteht Flecken und erm\u00f6glicht eine schnelle, \u00f6rtlich begrenzte Reinigung oder einen Austausch.<\/li><\/ul><p><strong>Empfohlene Typen:<\/strong><\/p><ul><li><strong>Teppichfliesen (Modulare Teppichb\u00f6den)<\/strong>: Flexible Installation, einfacher Austausch einzelner Teile bei Bedarf.<\/li><\/ul><p><strong>Tufting-Teppiche aus hochdichtem Nylon<\/strong>: Hervorragende R\u00fcckpralleigenschaften und lange Lebensdauer.<\/p><p>\u00a0<\/p><h2><strong>Einkaufszentren \/ Hochwertige Einzelhandelsfl\u00e4chen<\/strong><\/h2><p><strong>Gemeinsame Bereiche:<\/strong><\/p><p>Luxusmarken-Gesch\u00e4fte | Hauptg\u00e4nge | VIP-Lounges<\/p><p><strong>Wichtigste Anforderungen:<\/strong><\/p><ul><li><strong>Konsistente visuelle Identit\u00e4t<\/strong>: Die Teppiche m\u00fcssen mit dem Gesamtbranding des Gesch\u00e4fts harmonieren.<\/li><li><strong>Premium Look &amp; Feel<\/strong>: Hochwertige Texturen und elegante Muster zur Aufwertung des Raums.<\/li><li><strong>Einhaltung der Sicherheitsvorschriften<\/strong>: Erf\u00fcllt die Brandschutz- und Umweltzertifizierung f\u00fcr \u00f6ffentliche Veranstaltungsorte.<\/li><\/ul><p><strong>Empfohlene Produkte:<\/strong><\/p><ul><li><strong>Individuell bedruckte Nylon-Teppiche<\/strong>: Perfekt f\u00fcr markenbezogene R\u00e4ume und kreative Layouts.<\/li><li><strong>Teppiche aus Wollgemisch<\/strong>: Nat\u00fcrliche Textur und elegantes Aussehen, ideal f\u00fcr gehobene Umgebungen.<\/li><\/ul><p>\u00a0<\/p><h2><strong>Kongress- und Ausstellungszentren \/ Mehrzweckhallen<\/strong><\/h2><p><strong>Gemeinsame Bereiche:<\/strong><\/p><p>Konferenzen | Ausstellungen | Gro\u00dfveranstaltungen | Foren<\/p><p><strong>Wichtigste Anforderungen:<\/strong><\/p><ul><li><strong>Flexible Layouts<\/strong>: Teppiche m\u00fcssen leicht zu verlegen, zu entfernen und an wechselnde Bed\u00fcrfnisse anzupassen sein.<\/li><li><strong>Hohe Dauerhaftigkeit<\/strong>: Konzipiert f\u00fcr starke Beanspruchung und Aufbauarbeiten.<\/li><li><strong>Einheitliches Aussehen<\/strong>: Einheitliches Design und Farbe f\u00fcr gro\u00dffl\u00e4chige Anwendungen.<\/li><\/ul><p><strong>Empfohlene Produkte:<\/strong><\/p><ul><li><strong>Gewalzte Nylon-Teppiche<\/strong>: Schnelle Verlegung f\u00fcr gro\u00dfe Fl\u00e4chen mit nahtlosem Aussehen.<\/li><li><strong>Modulare Teppichfliesen<\/strong>: Praktisch f\u00fcr schnellen Wechsel und Wartung.<\/li><\/ul><p>\u00a0<\/p><h2><strong>Feines Essen \/ Caf\u00e9s \/ Bars<\/strong><\/h2><p><strong>Wichtigste Anforderungen:<\/strong><\/p><ul><li><strong>Starke dekorative Anziehungskraft<\/strong>: Teppichb\u00f6den dienen als optische Highlights und Stimmungsmacher.<\/li><li><strong>Akustische Leistung<\/strong>: Absorbiert Hintergrundmusik und Gespr\u00e4chsger\u00e4usche.<\/li><li><strong>Flecken- und Abriebbest\u00e4ndigkeit<\/strong>: Widersteht Versch\u00fctten, Bewegung und Reinigung.<\/li><\/ul><p><strong>Empfohlene Typen:<\/strong><\/p><ul><li><strong>Bedruckte gemusterte Teppiche<\/strong>: Verleiht Themenr\u00e4umen Pers\u00f6nlichkeit und Atmosph\u00e4re.<\/li><li><strong>Behandelte Nylon-Teppiche<\/strong>: Fleckenabweisend und leicht zu reinigen, geeignet f\u00fcr den t\u00e4glichen gewerblichen Gebrauch.<\/li><\/ul><h2><strong>Flugh\u00e4fen \/ Bahnh\u00f6fe VIP-Lounges<\/strong><\/h2><p><strong>Gemeinsame Bereiche:<\/strong><\/p><p>VIP-Lounges | Empfangsbereiche | Ruhezonen<\/p><p><strong>Wichtigste Anforderungen:<\/strong><\/p><ul><li><strong>Komfort und Luxus<\/strong>: Es spiegelt die hohen Standards von Service und Gastfreundschaft wider.<\/li><li><strong>Toleranz bei hohem Verkehrsaufkommen<\/strong>: H\u00e4lt Gep\u00e4ckrollen, h\u00e4ufigen Bewegungen und Reinigungszyklen stand.<\/li><li><strong>Einfache Wartung<\/strong>: Eine schnelle und effiziente Reinigung ist erforderlich, um ein ordentliches Erscheinungsbild zu erhalten.<\/li><\/ul><p><strong>Empfohlene Produkte:<\/strong><\/p><ul><li><strong>Hochflorige Nylon-Teppichb\u00f6den mit hoher Dichte<\/strong>: Dick und widerstandsf\u00e4hig, f\u00fcr den intensiven Gebrauch konzipiert.<\/li><\/ul><p><strong>Gemusterte Teppiche aus Wollgemisch<\/strong>: Verleiht einen Hauch von Luxus und erh\u00f6ht den Benutzerkomfort.<\/p><p>\u00a0<\/p><h2><strong>Banken \/ Finanzinstitute<\/strong><\/h2><p><strong>Gemeinsame Bereiche:<\/strong><\/p><p>Lobby | Serviceschalter | VIP-R\u00e4ume | Back-Office-Bereiche<\/p><p><strong>Wichtigste Anforderungen:<\/strong><\/p><ul><li><strong>Professionelle \u00c4sthetik<\/strong>: Die ruhigen, konservativen T\u00f6ne spiegeln ein stabiles Markenimage wider.<\/li><li><strong>Funktionelles Gleichgewicht<\/strong>: Kombiniert Schalld\u00e4mpfung, Komfort und Haltbarkeit.<\/li><li><strong>Sicherheit &amp; Sauberkeit<\/strong>: Flammhemmend und leicht zu reinigen.<\/li><\/ul><p><strong>Empfohlene Typen:<\/strong><\/p><ul><li><strong>Neutral get\u00f6nte Teppichfliesen<\/strong>: Aufger\u00e4umt, ordentlich und leicht zu pflegen.<\/li><\/ul><p><strong>Produkte mit niedrigen VOC-Emissionen<\/strong>: Zertifiziert durch CE, CRAB und andere Umweltnormen.<\/p>\t\t\t\t\t\t\t\t<\/div>\n\t\t\t\t<\/div>\n\t\t\t\t\t<\/div>\n\t\t\t\t<\/div>\n\t\t<div class=\"elementor-element elementor-element-a5b75d9 e-flex e-con-boxed e-con e-parent\" data-id=\"a5b75d9\" data-element_type=\"container\" data-e-type=\"container\">\n\t\t\t\t\t<div class=\"e-con-inner\">\n\t\t\t\t<div class=\"elementor-element elementor-element-9ca0805 elementor-widget elementor-widget-text-editor\" data-id=\"9ca0805\" data-element_type=\"widget\" data-e-type=\"widget\" data-widget_type=\"text-editor.default\">\n\t\t\t\t<div class=\"elementor-widget-container\">\n\t\t\t\t\t\t\t\t\t<ol start=\"9\"><li><strong> Empfehlungen f\u00fcr Teppichb\u00f6den<\/strong><\/li><\/ol><table><thead><tr><td><p><strong>Teppichboden Typ<\/strong><\/p><\/td><td><p><strong>Eigenschaften<\/strong><\/p><\/td><td><p><strong>Geeignete Anwendungen<\/strong><\/p><\/td><\/tr><\/thead><tbody><tr><td><p>Nylon-Tufting-Teppiche<\/p><\/td><td><p>Langlebig, schmutzabweisend, farbenfroh<\/p><\/td><td><p>Hotels, B\u00fcros, Ausstellungszentren<\/p><\/td><\/tr><tr><td><p>Teppiche aus Wolle<\/p><\/td><td><p>Nat\u00fcrlich, komfortabel, umweltfreundlich, hochwertig<\/p><\/td><td><p>VIP-Bereiche, Luxushotels, Clubs<\/p><\/td><\/tr><tr><td><p>Teppichfliesen<\/p><\/td><td><p>Modular, austauschbar, leicht zu warten<\/p><\/td><td><p>B\u00fcror\u00e4ume, Einkaufszentren, Finanzr\u00e4ume<\/p><\/td><\/tr><tr><td><p>Bedruckte Teppiche<\/p><\/td><td><p>Anpassbare Muster, Flexibilit\u00e4t beim Branding<\/p><\/td><td><p>Einzelhandel, Theater, Restaurants<\/p><\/td><\/tr><tr><td><p>Axminster Webteppiche<\/p><\/td><td><p>Hochwertige Haptik, aufw\u00e4ndiges Design, lange Lebensdauer<\/p><\/td><td><p>Balls\u00e4le, Lobbys in Hotels<\/p><\/td><\/tr><\/tbody><\/table>\t\t\t\t\t\t\t\t<\/div>\n\t\t\t\t<\/div>\n\t\t\t\t\t<\/div>\n\t\t\t\t<\/div>\n\t\t<div class=\"elementor-element elementor-element-f1bc58f e-flex e-con-boxed e-con e-parent\" data-id=\"f1bc58f\" data-element_type=\"container\" data-e-type=\"container\">\n\t\t\t\t\t<div class=\"e-con-inner\">\n\t\t\t\t<div class=\"elementor-element elementor-element-b4b34e1 elementor-widget elementor-widget-text-editor\" data-id=\"b4b34e1\" data-element_type=\"widget\" data-e-type=\"widget\" data-widget_type=\"text-editor.default\">\n\t\t\t\t<div class=\"elementor-widget-container\">\n\t\t\t\t\t\t\t\t\t<p><strong>\u00dcber uns<\/strong><\/p><p>Wir sind ein spezialisierter Hersteller von Teppichb\u00f6den f\u00fcr den gewerblichen Bereich und verf\u00fcgen \u00fcber fortschrittliche Produktionsanlagen und ein internationales Designteam. Unsere Produkte werden in einer Vielzahl von Branchen eingesetzt, darunter <strong>Gastgewerbe, Unternehmen, Verkehr, Einzelhandel, Unterhaltung und Ausstellungen<\/strong> Sektoren. Wir unterst\u00fctzen OEM\/ODM-Dienstleistungen und bieten Komplettl\u00f6sungen vom Entwurf \u00fcber die Bemusterung bis hin zur Gro\u00dfserienproduktion.<\/p>\t\t\t\t\t\t\t\t<\/div>\n\t\t\t\t<\/div>\n\t\t\t\t\t<\/div>\n\t\t\t\t<\/div>\n\t\t\t\t<\/div>","protected":false},"excerpt":{"rendered":"<p>Commercial Carpet \u2013 Creating Spaces That Blend Functionality and Aesthetics In modern commercial interior design, carpets are more than decorative [&hellip;]<\/p>\n","protected":false},"author":1,"featured_media":0,"parent":0,"menu_order":0,"comment_status":"closed","ping_status":"closed","template":"","meta":{"site-sidebar-layout":"no-sidebar","site-content-layout":"page-builder","ast-site-content-layout":"full-width-container","site-content-style":"default","site-sidebar-style":"default","ast-global-header-display":"","ast-banner-title-visibility":"","ast-main-header-display":"","ast-hfb-above-header-display":"","ast-hfb-below-header-display":"","ast-hfb-mobile-header-display":"","site-post-title":"disabled","ast-breadcrumbs-content":"","ast-featured-img":"disabled","footer-sml-layout":"","ast-disable-related-posts":"","theme-transparent-header-meta":"","adv-header-id-meta":"","stick-header-meta":"","header-above-stick-meta":"","header-main-stick-meta":"","header-below-stick-meta":"","astra-migrate-meta-layouts":"set","ast-page-background-enabled":"default","ast-page-background-meta":{"desktop":{"background-color":"","background-image":"","background-repeat":"repeat","background-position":"center center","background-size":"auto","background-attachment":"scroll","background-type":"","background-media":"","overlay-type":"","overlay-color":"","overlay-opacity":"","overlay-gradient":""},"tablet":{"background-color":"","background-image":"","background-repeat":"repeat","background-position":"center center","background-size":"auto","background-attachment":"scroll","background-type":"","background-media":"","overlay-type":"","overlay-color":"","overlay-opacity":"","overlay-gradient":""},"mobile":{"background-color":"","background-image":"","background-repeat":"repeat","background-position":"center center","background-size":"auto","background-attachment":"scroll","background-type":"","background-media":"","overlay-type":"","overlay-color":"","overlay-opacity":"","overlay-gradient":""}},"ast-content-background-meta":{"desktop":{"background-color":"var(--ast-global-color-5)","background-image":"","background-repeat":"repeat","background-position":"center center","background-size":"auto","background-attachment":"scroll","background-type":"","background-media":"","overlay-type":"","overlay-color":"","overlay-opacity":"","overlay-gradient":""},"tablet":{"background-color":"var(--ast-global-color-5)","background-image":"","background-repeat":"repeat","background-position":"center center","background-size":"auto","background-attachment":"scroll","background-type":"","background-media":"","overlay-type":"","overlay-color":"","overlay-opacity":"","overlay-gradient":""},"mobile":{"background-color":"var(--ast-global-color-5)","background-image":"","background-repeat":"repeat","background-position":"center center","background-size":"auto","background-attachment":"scroll","background-type":"","background-media":"","overlay-type":"","overlay-color":"","overlay-opacity":"","overlay-gradient":""}},"footnotes":""},"class_list":["post-2278","page","type-page","status-publish","hentry"],"_links":{"self":[{"href":"https:\/\/valhak.com\/de\/wp-json\/wp\/v2\/pages\/2278","targetHints":{"allow":["GET"]}}],"collection":[{"href":"https:\/\/valhak.com\/de\/wp-json\/wp\/v2\/pages"}],"about":[{"href":"https:\/\/valhak.com\/de\/wp-json\/wp\/v2\/types\/page"}],"author":[{"embeddable":true,"href":"https:\/\/valhak.com\/de\/wp-json\/wp\/v2\/users\/1"}],"replies":[{"embeddable":true,"href":"https:\/\/valhak.com\/de\/wp-json\/wp\/v2\/comments?post=2278"}],"version-history":[{"count":4,"href":"https:\/\/valhak.com\/de\/wp-json\/wp\/v2\/pages\/2278\/revisions"}],"predecessor-version":[{"id":2346,"href":"https:\/\/valhak.com\/de\/wp-json\/wp\/v2\/pages\/2278\/revisions\/2346"}],"wp:attachment":[{"href":"https:\/\/valhak.com\/de\/wp-json\/wp\/v2\/media?parent=2278"}],"curies":[{"name":"wp","href":"https:\/\/api.w.org\/{rel}","templated":true}]}}