{"id":2278,"date":"2025-06-04T12:51:50","date_gmt":"2025-06-04T04:51:50","guid":{"rendered":"https:\/\/valhak.com\/?page_id=2278"},"modified":"2025-11-02T12:46:17","modified_gmt":"2025-11-02T04:46:17","slug":"moquette-commerciale","status":"publish","type":"page","link":"https:\/\/valhak.com\/fr\/commercial-carpet\/","title":{"rendered":"moquette commerciale"},"content":{"rendered":"<div data-elementor-type=\"wp-page\" data-elementor-id=\"2278\" class=\"elementor elementor-2278\" data-elementor-post-type=\"page\">\n\t\t\t\t<div class=\"elementor-element elementor-element-028cc1f e-flex e-con-boxed e-con e-parent\" data-id=\"028cc1f\" data-element_type=\"container\" data-e-type=\"container\">\n\t\t\t\t\t<div class=\"e-con-inner\">\n\t\t\t\t<div class=\"elementor-element elementor-element-f99502a elementor-widget elementor-widget-heading\" data-id=\"f99502a\" data-element_type=\"widget\" data-e-type=\"widget\" data-widget_type=\"heading.default\">\n\t\t\t\t<div class=\"elementor-widget-container\">\n\t\t\t\t\t<h2 class=\"elementor-heading-title elementor-size-default\">Tapis commercial<\/h2>\t\t\t\t<\/div>\n\t\t\t\t<\/div>\n\t\t\t\t\t<\/div>\n\t\t\t\t<\/div>\n\t\t<div class=\"elementor-element elementor-element-33b8199 e-flex e-con-boxed e-con e-parent\" data-id=\"33b8199\" data-element_type=\"container\" data-e-type=\"container\">\n\t\t\t\t\t<div class=\"e-con-inner\">\n\t\t\t\t<div class=\"elementor-element elementor-element-8e221d0 elementor-widget elementor-widget-text-editor\" data-id=\"8e221d0\" data-element_type=\"widget\" data-e-type=\"widget\" data-widget_type=\"text-editor.default\">\n\t\t\t\t<div class=\"elementor-widget-container\">\n\t\t\t\t\t\t\t\t\t<p>- Cr\u00e9er des espaces qui allient fonctionnalit\u00e9 et esth\u00e9tique<\/p><p>Dans l'architecture d'int\u00e9rieur commerciale moderne, les moquettes sont plus que des \u00e9l\u00e9ments d\u00e9coratifs : ce sont des composants essentiels qui influencent l'acoustique, le confort, la s\u00e9curit\u00e9 et l'esth\u00e9tique de l'espace. Qu'il s'agisse d'h\u00f4tels, de cin\u00e9mas, de bureaux ou d'espaces commerciaux, les moquettes commerciales jouent un r\u00f4le irrempla\u00e7able en fa\u00e7onnant l'environnement et en am\u00e9liorant l'exp\u00e9rience de l'utilisateur.<br \/>En tant que fabricant professionnel de moquettes, nous nous engageons \u00e0 fournir des solutions de moquettes sur mesure et standardis\u00e9es pour divers environnements commerciaux. Notre mission est de r\u00e9pondre aux besoins fonctionnels et esth\u00e9tiques de divers espaces et d'aider nos clients \u00e0 cr\u00e9er des environnements professionnels de grande qualit\u00e9.<\/p><h2><strong>H\u00f4tels et lieux de divertissement<\/strong><\/h2><p><strong>Espaces communs :<\/strong><\/p><p>Chambres d'h\u00f4tes | Couloirs | Lobbies | Salles de bal | Salles de r\u00e9union | Casinos<\/p><p><strong>Exigences cl\u00e9s :<\/strong><\/p><ul><li><strong>R\u00e9duction du bruit<\/strong>: Excellente isolation acoustique pour plus d'intimit\u00e9 et de confort.<\/li><li><strong>Confort sous les pieds<\/strong>: Des textures douces et des structures \u00e0 haute densit\u00e9 garantissent une exp\u00e9rience de marche luxueuse.<\/li><li><strong>Esth\u00e9tique haut de gamme<\/strong>: Des motifs et des couleurs riches refl\u00e8tent l'identit\u00e9 de l'h\u00f4tel et rehaussent son ambiance.<\/li><\/ul><p><strong>Mat\u00e9riaux et techniques recommand\u00e9s :<\/strong><\/p><ul><li><strong>Tapis en nylon imprim\u00e9<\/strong>: Designs vibrants et couleurs stables, id\u00e9aux pour les couloirs et les espaces publics.<\/li><li><strong>Tapis touffet\u00e9 en laine<\/strong>: Naturel et \u00e9cologique, il convient aux chambres d'h\u00f4tes haut de gamme et aux espaces VIP.<\/li><li><strong>Tapis tiss\u00e9s Axminster<\/strong>: D\u00e9tails et \u00e9l\u00e9gance exceptionnels, couramment utilis\u00e9s dans les salles de bal et les halls d'entr\u00e9e des h\u00f4tels de luxe.<\/li><\/ul><h2><strong>Cin\u00e9mas \/ Th\u00e9\u00e2tres \/ Salles de concert<\/strong><\/h2><p><strong>Espaces communs :<\/strong><\/p><p>Zones d'observation | All\u00e9es | Salles de son | Environnements de la sc\u00e8ne<\/p><p><strong>Exigences cl\u00e9s :<\/strong><\/p><ul><li><strong>Absorption acoustique sup\u00e9rieure<\/strong>: R\u00e9duit les bruits de pas et les \u00e9chos pour am\u00e9liorer l'exp\u00e9rience audiovisuelle.<\/li><li><strong>R\u00e9sistance au glissement<\/strong>: Traitement de surface pour assurer la s\u00e9curit\u00e9 dans les zones peu \u00e9clair\u00e9es et tr\u00e8s fr\u00e9quent\u00e9es.<\/li><li><strong>R\u00e9flectivit\u00e9 en cas de faible luminosit\u00e9<\/strong>: Finition fibre mate pour \u00e9viter l'\u00e9blouissement et les distractions visuelles.<\/li><\/ul><p><strong>Produits recommand\u00e9s :<\/strong><\/p><ul><li>R\u00e9union sur les tapis ignifug\u00e9s <strong>Niveau B1 ou sup\u00e9rieur<\/strong>certifi\u00e9 pour les normes de s\u00e9curit\u00e9 et d'environnement.<\/li><li><strong>Moquettes de couleur fonc\u00e9e et \u00e0 faible poil<\/strong>: Peu d'entretien et r\u00e9sistant aux taches, id\u00e9al pour le th\u00e9\u00e2tre.<\/li><\/ul><ol start=\"3\"><li><h2><strong> Espaces de bureaux<\/strong><\/h2><\/li><\/ol><p><strong>Espaces communs :<\/strong><\/p><p>Espaces de travail ouverts | Salles de r\u00e9union | Couloirs | Espaces d'accueil<\/p><p><strong>Exigences cl\u00e9s :<\/strong><\/p><ul><li><strong>Lutte contre le bruit<\/strong>: R\u00e9duit les bruits de frappe, les conversations et les bruits de pas.<\/li><li><strong>Durabilit\u00e9<\/strong>: R\u00e9siste aux roues des chaises et aux mouvements fr\u00e9quents.<\/li><li><strong>Facilit\u00e9 d'entretien<\/strong>: R\u00e9siste aux taches et permet un nettoyage ou un remplacement rapide et localis\u00e9.<\/li><\/ul><p><strong>Types recommand\u00e9s :<\/strong><\/p><ul><li><strong>Dalles de moquette (moquettes modulaires)<\/strong>: Installation flexible, facile \u00e0 remplacer en cas de besoin.<\/li><\/ul><p><strong>Tapis touffet\u00e9 en nylon haute densit\u00e9<\/strong>: Excellente performance de rebond et longue dur\u00e9e de vie.<\/p><p>\u00a0<\/p><h2><strong>Centres commerciaux \/ Espaces commerciaux haut de gamme<\/strong><\/h2><p><strong>Espaces communs :<\/strong><\/p><p>Magasins de marques de luxe | All\u00e9es principales | Salons VIP<\/p><p><strong>Exigences cl\u00e9s :<\/strong><\/p><ul><li><strong>Identit\u00e9 visuelle coh\u00e9rente<\/strong>: Les moquettes doivent s'harmoniser avec l'image de marque du magasin.<\/li><li><strong>Look &amp; Feel Premium<\/strong>: Des textures haut de gamme et des motifs \u00e9l\u00e9gants pour embellir l'espace.<\/li><li><strong>Conformit\u00e9 en mati\u00e8re de s\u00e9curit\u00e9<\/strong>: Conforme aux certifications de r\u00e9sistance au feu et de respect de l'environnement pour les lieux publics.<\/li><\/ul><p><strong>Produits recommand\u00e9s :<\/strong><\/p><ul><li><strong>Tapis en nylon imprim\u00e9s sur mesure<\/strong>: Parfait pour les espaces consacr\u00e9s \u00e0 la marque et les mises en page cr\u00e9atives.<\/li><li><strong>Tapis en laine<\/strong>: Texture naturelle et aspect \u00e9l\u00e9gant, id\u00e9al pour les environnements haut de gamme.<\/li><\/ul><p>\u00a0<\/p><h2><strong>Centres de congr\u00e8s et d'exposition \/ Salles polyvalentes<\/strong><\/h2><p><strong>Espaces communs :<\/strong><\/p><p>Conf\u00e9rences | Expositions | Grands \u00e9v\u00e9nements | Forums<\/p><p><strong>Exigences cl\u00e9s :<\/strong><\/p><ul><li><strong>Dispositions flexibles<\/strong>: Les moquettes doivent \u00eatre faciles \u00e0 installer, \u00e0 enlever et \u00e0 adapter \u00e0 des besoins changeants.<\/li><li><strong>Haute durabilit\u00e9<\/strong>: Con\u00e7u pour supporter un trafic pi\u00e9tonnier intense et des activit\u00e9s d'installation.<\/li><li><strong>Look uniforme<\/strong>: Un design et une couleur homog\u00e8nes pour les applications \u00e0 grande surface.<\/li><\/ul><p><strong>Produits recommand\u00e9s :<\/strong><\/p><ul><li><strong>Tapis en nylon enroul\u00e9<\/strong>: Installation rapide pour les grandes surfaces avec un aspect sans joint.<\/li><li><strong>Dalles de moquette modulaires<\/strong>: Pratique pour les changements rapides et la maintenance.<\/li><\/ul><p>\u00a0<\/p><h2><strong>Gastronomie \/ Caf\u00e9s \/ Bars<\/strong><\/h2><p><strong>Exigences cl\u00e9s :<\/strong><\/p><ul><li><strong>Un fort attrait d\u00e9coratif<\/strong>: Les tapis sont des \u00e9l\u00e9ments visuels et d'ambiance.<\/li><li><strong>Performance acoustique<\/strong>: Absorbe la musique de fond et les bruits de conversation.<\/li><li><strong>R\u00e9sistance aux taches et \u00e0 l'usure<\/strong>: R\u00e9siste aux d\u00e9versements, aux mouvements et au nettoyage.<\/li><\/ul><p><strong>Types recommand\u00e9s :<\/strong><\/p><ul><li><strong>Tapis \u00e0 motifs imprim\u00e9s<\/strong>: Ajoute de la personnalit\u00e9 et de l'atmosph\u00e8re aux espaces th\u00e9matiques.<\/li><li><strong>Tapis en nylon trait\u00e9<\/strong>: Anti-t\u00e2ches et facile \u00e0 nettoyer, convient \u00e0 un usage commercial quotidien.<\/li><\/ul><h2><strong>Salons VIP dans les a\u00e9roports et les gares<\/strong><\/h2><p><strong>Espaces communs :<\/strong><\/p><p>Salons VIP | Espaces de r\u00e9ception | Zones de repos<\/p><p><strong>Exigences cl\u00e9s :<\/strong><\/p><ul><li><strong>Confort et luxe<\/strong>: Refl\u00e8te les normes de service et d'accueil haut de gamme.<\/li><li><strong>Tol\u00e9rance au trafic intense<\/strong>: Supporte les roues \u00e0 bagages, les d\u00e9placements fr\u00e9quents et les cycles de nettoyage.<\/li><li><strong>Entretien facile<\/strong>: Le nettoyage doit \u00eatre rapide et efficace afin de maintenir une apparence soign\u00e9e.<\/li><\/ul><p><strong>Produits recommand\u00e9s :<\/strong><\/p><ul><li><strong>Tapis \u00e0 poils coup\u00e9s en nylon haute densit\u00e9<\/strong>: Epais et r\u00e9sistant, con\u00e7u pour un usage intensif.<\/li><\/ul><p><strong>Tapis \u00e0 motifs en laine m\u00e9lang\u00e9e<\/strong>: Ajoute une touche de luxe et am\u00e9liore le confort de l'utilisateur.<\/p><p>\u00a0<\/p><h2><strong>Banques \/ institutions financi\u00e8res<\/strong><\/h2><p><strong>Espaces communs :<\/strong><\/p><p>Lobby | Comptoirs de service | Salles VIP | Back Office Areas<\/p><p><strong>Exigences cl\u00e9s :<\/strong><\/p><ul><li><strong>Esth\u00e9tique professionnelle<\/strong>: Les tons calmes et conservateurs refl\u00e8tent une image de marque stable.<\/li><li><strong>L'\u00e9quilibre fonctionnel<\/strong>: Combine l'absorption du son, le confort et la durabilit\u00e9.<\/li><li><strong>S\u00e9curit\u00e9 et propret\u00e9<\/strong>: Conforme aux normes d'ignifugation et facile \u00e0 nettoyer.<\/li><\/ul><p><strong>Types recommand\u00e9s :<\/strong><\/p><ul><li><strong>Des dalles de moquette aux tons neutres<\/strong>: ordonn\u00e9, bien rang\u00e9 et facile \u00e0 entretenir.<\/li><\/ul><p><strong>Produits \u00e0 faible \u00e9mission de COV<\/strong>: Certifi\u00e9 par CE, CRAB et d'autres normes d'\u00e9co-conformit\u00e9.<\/p>\t\t\t\t\t\t\t\t<\/div>\n\t\t\t\t<\/div>\n\t\t\t\t\t<\/div>\n\t\t\t\t<\/div>\n\t\t<div class=\"elementor-element elementor-element-a5b75d9 e-flex e-con-boxed e-con e-parent\" data-id=\"a5b75d9\" data-element_type=\"container\" data-e-type=\"container\">\n\t\t\t\t\t<div class=\"e-con-inner\">\n\t\t\t\t<div class=\"elementor-element elementor-element-9ca0805 elementor-widget elementor-widget-text-editor\" data-id=\"9ca0805\" data-element_type=\"widget\" data-e-type=\"widget\" data-widget_type=\"text-editor.default\">\n\t\t\t\t<div class=\"elementor-widget-container\">\n\t\t\t\t\t\t\t\t\t<ol start=\"9\"><li><strong> Recommandations concernant le type de tapis<\/strong><\/li><\/ol><table><thead><tr><td><p><strong>Type de moquette<\/strong><\/p><\/td><td><p><strong>Caract\u00e9ristiques<\/strong><\/p><\/td><td><p><strong>Applications appropri\u00e9es<\/strong><\/p><\/td><\/tr><\/thead><tbody><tr><td><p>Tapis touffet\u00e9 en nylon<\/p><\/td><td><p>Durable, r\u00e9sistant aux taches, color\u00e9<\/p><\/td><td><p>H\u00f4tels, bureaux, centres d'exposition<\/p><\/td><\/tr><tr><td><p>Tapis de laine<\/p><\/td><td><p>Naturel, confortable, \u00e9cologique, haut de gamme<\/p><\/td><td><p>Espaces VIP, h\u00f4tels de luxe, clubs<\/p><\/td><\/tr><tr><td><p>Dalles de moquette<\/p><\/td><td><p>Modulaire, rempla\u00e7able, facile \u00e0 entretenir<\/p><\/td><td><p>Bureaux, centres commerciaux, espaces financiers<\/p><\/td><\/tr><tr><td><p>Tapis imprim\u00e9s<\/p><\/td><td><p>Mod\u00e8les personnalisables, flexibilit\u00e9 de l'image de marque<\/p><\/td><td><p>Commerces, th\u00e9\u00e2tres, restaurants<\/p><\/td><\/tr><tr><td><p>Tapis tiss\u00e9s Axminster<\/p><\/td><td><p>Sensation de qualit\u00e9 sup\u00e9rieure, design complexe, longue dur\u00e9e de vie<\/p><\/td><td><p>Salles de bal, halls d'entr\u00e9e d'h\u00f4tels<\/p><\/td><\/tr><\/tbody><\/table>\t\t\t\t\t\t\t\t<\/div>\n\t\t\t\t<\/div>\n\t\t\t\t\t<\/div>\n\t\t\t\t<\/div>\n\t\t<div class=\"elementor-element elementor-element-f1bc58f e-flex e-con-boxed e-con e-parent\" data-id=\"f1bc58f\" data-element_type=\"container\" data-e-type=\"container\">\n\t\t\t\t\t<div class=\"e-con-inner\">\n\t\t\t\t<div class=\"elementor-element elementor-element-b4b34e1 elementor-widget elementor-widget-text-editor\" data-id=\"b4b34e1\" data-element_type=\"widget\" data-e-type=\"widget\" data-widget_type=\"text-editor.default\">\n\t\t\t\t<div class=\"elementor-widget-container\">\n\t\t\t\t\t\t\t\t\t<p><strong>\u00c0 propos de nous<\/strong><\/p><p>Nous sommes un fabricant sp\u00e9cialis\u00e9 dans les tapis commerciaux, \u00e9quip\u00e9 de lignes de production avanc\u00e9es et d'une \u00e9quipe de conception internationale. Nos produits sont destin\u00e9s \u00e0 un large \u00e9ventail d'industries, notamment <strong>l'h\u00f4tellerie, les entreprises, les transports, la vente au d\u00e9tail, le divertissement et les expositions<\/strong> secteurs. Nous prenons en charge les services OEM\/ODM et offrons des solutions compl\u00e8tes, de la conception et de l'\u00e9chantillonnage \u00e0 la production \u00e0 grande \u00e9chelle.<\/p>\t\t\t\t\t\t\t\t<\/div>\n\t\t\t\t<\/div>\n\t\t\t\t\t<\/div>\n\t\t\t\t<\/div>\n\t\t\t\t<\/div>","protected":false},"excerpt":{"rendered":"<p>Commercial Carpet \u2013 Creating Spaces That Blend Functionality and Aesthetics In modern commercial interior design, carpets are more than decorative [&hellip;]<\/p>\n","protected":false},"author":1,"featured_media":0,"parent":0,"menu_order":0,"comment_status":"closed","ping_status":"closed","template":"","meta":{"site-sidebar-layout":"no-sidebar","site-content-layout":"page-builder","ast-site-content-layout":"full-width-container","site-content-style":"default","site-sidebar-style":"default","ast-global-header-display":"","ast-banner-title-visibility":"","ast-main-header-display":"","ast-hfb-above-header-display":"","ast-hfb-below-header-display":"","ast-hfb-mobile-header-display":"","site-post-title":"disabled","ast-breadcrumbs-content":"","ast-featured-img":"disabled","footer-sml-layout":"","ast-disable-related-posts":"","theme-transparent-header-meta":"","adv-header-id-meta":"","stick-header-meta":"","header-above-stick-meta":"","header-main-stick-meta":"","header-below-stick-meta":"","astra-migrate-meta-layouts":"set","ast-page-background-enabled":"default","ast-page-background-meta":{"desktop":{"background-color":"","background-image":"","background-repeat":"repeat","background-position":"center center","background-size":"auto","background-attachment":"scroll","background-type":"","background-media":"","overlay-type":"","overlay-color":"","overlay-opacity":"","overlay-gradient":""},"tablet":{"background-color":"","background-image":"","background-repeat":"repeat","background-position":"center center","background-size":"auto","background-attachment":"scroll","background-type":"","background-media":"","overlay-type":"","overlay-color":"","overlay-opacity":"","overlay-gradient":""},"mobile":{"background-color":"","background-image":"","background-repeat":"repeat","background-position":"center center","background-size":"auto","background-attachment":"scroll","background-type":"","background-media":"","overlay-type":"","overlay-color":"","overlay-opacity":"","overlay-gradient":""}},"ast-content-background-meta":{"desktop":{"background-color":"var(--ast-global-color-5)","background-image":"","background-repeat":"repeat","background-position":"center center","background-size":"auto","background-attachment":"scroll","background-type":"","background-media":"","overlay-type":"","overlay-color":"","overlay-opacity":"","overlay-gradient":""},"tablet":{"background-color":"var(--ast-global-color-5)","background-image":"","background-repeat":"repeat","background-position":"center center","background-size":"auto","background-attachment":"scroll","background-type":"","background-media":"","overlay-type":"","overlay-color":"","overlay-opacity":"","overlay-gradient":""},"mobile":{"background-color":"var(--ast-global-color-5)","background-image":"","background-repeat":"repeat","background-position":"center center","background-size":"auto","background-attachment":"scroll","background-type":"","background-media":"","overlay-type":"","overlay-color":"","overlay-opacity":"","overlay-gradient":""}},"footnotes":""},"class_list":["post-2278","page","type-page","status-publish","hentry"],"_links":{"self":[{"href":"https:\/\/valhak.com\/fr\/wp-json\/wp\/v2\/pages\/2278","targetHints":{"allow":["GET"]}}],"collection":[{"href":"https:\/\/valhak.com\/fr\/wp-json\/wp\/v2\/pages"}],"about":[{"href":"https:\/\/valhak.com\/fr\/wp-json\/wp\/v2\/types\/page"}],"author":[{"embeddable":true,"href":"https:\/\/valhak.com\/fr\/wp-json\/wp\/v2\/users\/1"}],"replies":[{"embeddable":true,"href":"https:\/\/valhak.com\/fr\/wp-json\/wp\/v2\/comments?post=2278"}],"version-history":[{"count":4,"href":"https:\/\/valhak.com\/fr\/wp-json\/wp\/v2\/pages\/2278\/revisions"}],"predecessor-version":[{"id":2346,"href":"https:\/\/valhak.com\/fr\/wp-json\/wp\/v2\/pages\/2278\/revisions\/2346"}],"wp:attachment":[{"href":"https:\/\/valhak.com\/fr\/wp-json\/wp\/v2\/media?parent=2278"}],"curies":[{"name":"wp","href":"https:\/\/api.w.org\/{rel}","templated":true}]}}